{"id":707,"date":"2021-02-18T21:50:21","date_gmt":"2021-02-18T20:50:21","guid":{"rendered":"https:\/\/tachografy.pe\/?page_id=707"},"modified":"2023-11-07T21:11:54","modified_gmt":"2023-11-07T20:11:54","slug":"o-nas","status":"publish","type":"page","link":"https:\/\/tachografy.pe\/index.php\/o-nas\/","title":{"rendered":"O n\u00e1s"},"content":{"rendered":"<p><img loading=\"lazy\" decoding=\"async\" class=\"wp-image-329 size-large aligncenter\" src=\"https:\/\/tachografy.pe\/wp-content\/uploads\/2021\/02\/firma-1024x429.jpg\" alt=\"\" width=\"770\" height=\"323\" srcset=\"https:\/\/tachografy.pe\/wp-content\/uploads\/2021\/02\/firma-1024x429.jpg 1024w, https:\/\/tachografy.pe\/wp-content\/uploads\/2021\/02\/firma-300x126.jpg 300w, https:\/\/tachografy.pe\/wp-content\/uploads\/2021\/02\/firma-768x322.jpg 768w, https:\/\/tachografy.pe\/wp-content\/uploads\/2021\/02\/firma-143x60.jpg 143w, https:\/\/tachografy.pe\/wp-content\/uploads\/2021\/02\/firma.jpg 1054w\" sizes=\"auto, (max-width: 770px) 100vw, 770px\" \/><\/p>\n<p style=\"text-align: center;\">Spolo\u010dnos\u0165 TACHOGRAFY s.r.o., Partiz\u00e1nske bola zalo\u017een\u00e1 pred viac ako 10 rokmi. Nach\u00e1dza sa v priestoroch spolo\u010dnosti SA\u0160A, s.r.o. , kde aj prev\u00e1dzkuje svoju \u010dinnos\u0165, ktor\u00e1 spo\u010d\u00edva v overovan\u00ed z\u00e1znamov\u00fdch zariaden\u00ed v cestnej doprave.<\/p>\n<p style=\"text-align: center;\">TACHOGRAFY s.r.o. prev\u00e1dzkuje svoju \u010dinnos\u0165 na z\u00e1klade Rozhodnutia o autoriz\u00e1cii na v\u00fdkon overovania ur\u010den\u00fdch meradiel \u2013 z\u00e1znamov\u00fdch zariaden\u00ed v cestnej doprave, vydan\u00fdm \u00daradom pre normaliz\u00e1ciu, metrol\u00f3giu a sk\u00fa\u0161obn\u00edctvo Slovenskej Republiky.<\/p>\n<h4 style=\"text-align: center;\"><a href=\"https:\/\/tachografy.pe\/index.php\/kontakt\/\">pracovisko \u010d. 1 v Partiz\u00e1nske, Ve\u013ek\u00e1 Okru\u017en\u00e1 1238<\/a><\/h4>\n<p style=\"text-align: center;\"><div id=\"envira-gallery-wrap-711\" class=\"envira-gallery-wrap envira-gallery-theme-base envira-lightbox-theme-base\" itemscope itemtype=\"https:\/\/schema.org\/ImageGallery\"><div data-row-height=\"\" data-gallery-theme=\"\" id=\"envira-gallery-711\" class=\"envira-gallery-public  envira-gallery-3-columns envira-clear enviratope envira-gallery-css-animations\" data-envira-columns=\"3\"><div id=\"envira-gallery-item-438\" class=\"envira-gallery-item enviratope-item envira-gallery-item-1 envira-lazy-load\" style=\"padding-left: 5px; padding-bottom: 10px; padding-right: 5px;\"  itemscope itemtype=\"https:\/\/schema.org\/ImageObject\"><div class=\"envira-gallery-item-inner\"><div class=\"envira-gallery-position-overlay  envira-gallery-top-left\"><\/div><div class=\"envira-gallery-position-overlay  envira-gallery-top-right\"><\/div><div class=\"envira-gallery-position-overlay  envira-gallery-bottom-left\"><\/div><div class=\"envira-gallery-position-overlay  envira-gallery-bottom-right\"><\/div><a href=\"https:\/\/tachografy.pe\/wp-content\/uploads\/2021\/02\/1.jpg\" class=\"envira-gallery-711 envira-gallery-link\" rel=\"enviragallery711\" title=\"1\" data-envira-caption=\"1\" data-envira-retina=\"\" data-thumbnail=\"\"  itemprop=\"contentUrl\"><div class=\"envira-lazy\" data-test-width=\"640\" data-test-height=\"480\" style=\"padding-bottom:75%;\"><img decoding=\"async\" id=\"envira-gallery-image-438\" class=\"envira-gallery-image envira-gallery-image-1\" data-envira-index=\"1\" src=\"https:\/\/tachografy.pe\/wp-content\/uploads\/2021\/02\/1-640x480.jpg\" data-envira-src=\"https:\/\/tachografy.pe\/wp-content\/uploads\/2021\/02\/1-640x480.jpg\" data-envira-gallery-id=\"711\" data-envira-item-id=\"438\" data-envira-caption=\"1\" alt=\"\" title=\"1\"  itemprop=\"thumbnailUrl\" data-envira-srcset=\"https:\/\/tachografy.pe\/wp-content\/uploads\/2021\/02\/1-640x480.jpg 400w,https:\/\/tachografy.pe\/wp-content\/uploads\/2021\/02\/1-640x480.jpg 2x\" srcset=\"data:image\/gif;base64,R0lGODlhAQABAIAAAP\/\/\/\/\/\/\/yH5BAEKAAEALAAAAAABAAEAAAICTAEAOw==\" \/><\/div><\/a><\/div><\/div><div id=\"envira-gallery-item-439\" class=\"envira-gallery-item enviratope-item envira-gallery-item-2 envira-lazy-load\" style=\"padding-left: 5px; padding-bottom: 10px; padding-right: 5px;\"  itemscope itemtype=\"https:\/\/schema.org\/ImageObject\"><div class=\"envira-gallery-item-inner\"><div class=\"envira-gallery-position-overlay  envira-gallery-top-left\"><\/div><div class=\"envira-gallery-position-overlay  envira-gallery-top-right\"><\/div><div class=\"envira-gallery-position-overlay  envira-gallery-bottom-left\"><\/div><div class=\"envira-gallery-position-overlay  envira-gallery-bottom-right\"><\/div><a href=\"https:\/\/tachografy.pe\/wp-content\/uploads\/2021\/02\/2.jpg\" class=\"envira-gallery-711 envira-gallery-link\" rel=\"enviragallery711\" title=\"2\" data-envira-caption=\"2\" data-envira-retina=\"\" data-thumbnail=\"\"  itemprop=\"contentUrl\"><div class=\"envira-lazy\" data-test-width=\"640\" data-test-height=\"480\" style=\"padding-bottom:75%;\"><img decoding=\"async\" id=\"envira-gallery-image-439\" class=\"envira-gallery-image envira-gallery-image-2\" data-envira-index=\"2\" src=\"https:\/\/tachografy.pe\/wp-content\/uploads\/2021\/02\/2-640x480.jpg\" data-envira-src=\"https:\/\/tachografy.pe\/wp-content\/uploads\/2021\/02\/2-640x480.jpg\" data-envira-gallery-id=\"711\" data-envira-item-id=\"439\" data-envira-caption=\"2\" alt=\"\" title=\"2\"  itemprop=\"thumbnailUrl\" data-envira-srcset=\"https:\/\/tachografy.pe\/wp-content\/uploads\/2021\/02\/2-640x480.jpg 400w,https:\/\/tachografy.pe\/wp-content\/uploads\/2021\/02\/2-640x480.jpg 2x\" srcset=\"data:image\/gif;base64,R0lGODlhAQABAIAAAP\/\/\/\/\/\/\/yH5BAEKAAEALAAAAAABAAEAAAICTAEAOw==\" \/><\/div><\/a><\/div><\/div><div id=\"envira-gallery-item-440\" class=\"envira-gallery-item enviratope-item envira-gallery-item-3 envira-lazy-load\" style=\"padding-left: 5px; padding-bottom: 10px; padding-right: 5px;\"  itemscope itemtype=\"https:\/\/schema.org\/ImageObject\"><div class=\"envira-gallery-item-inner\"><div class=\"envira-gallery-position-overlay  envira-gallery-top-left\"><\/div><div class=\"envira-gallery-position-overlay  envira-gallery-top-right\"><\/div><div class=\"envira-gallery-position-overlay  envira-gallery-bottom-left\"><\/div><div class=\"envira-gallery-position-overlay  envira-gallery-bottom-right\"><\/div><a href=\"https:\/\/tachografy.pe\/wp-content\/uploads\/2021\/02\/3.jpg\" class=\"envira-gallery-711 envira-gallery-link\" rel=\"enviragallery711\" title=\"3\" data-envira-caption=\"3\" data-envira-retina=\"\" data-thumbnail=\"\"  itemprop=\"contentUrl\"><div class=\"envira-lazy\" data-test-width=\"640\" data-test-height=\"480\" style=\"padding-bottom:75%;\"><img decoding=\"async\" id=\"envira-gallery-image-440\" class=\"envira-gallery-image envira-gallery-image-3\" data-envira-index=\"3\" src=\"https:\/\/tachografy.pe\/wp-content\/uploads\/2021\/02\/3-640x480.jpg\" data-envira-src=\"https:\/\/tachografy.pe\/wp-content\/uploads\/2021\/02\/3-640x480.jpg\" data-envira-gallery-id=\"711\" data-envira-item-id=\"440\" data-envira-caption=\"3\" alt=\"\" title=\"3\"  itemprop=\"thumbnailUrl\" data-envira-srcset=\"https:\/\/tachografy.pe\/wp-content\/uploads\/2021\/02\/3-640x480.jpg 400w,https:\/\/tachografy.pe\/wp-content\/uploads\/2021\/02\/3-640x480.jpg 2x\" srcset=\"data:image\/gif;base64,R0lGODlhAQABAIAAAP\/\/\/\/\/\/\/yH5BAEKAAEALAAAAAABAAEAAAICTAEAOw==\" \/><\/div><\/a><\/div><\/div><div id=\"envira-gallery-item-441\" class=\"envira-gallery-item enviratope-item envira-gallery-item-4 envira-lazy-load\" style=\"padding-left: 5px; padding-bottom: 10px; padding-right: 5px;\"  itemscope itemtype=\"https:\/\/schema.org\/ImageObject\"><div class=\"envira-gallery-item-inner\"><div class=\"envira-gallery-position-overlay  envira-gallery-top-left\"><\/div><div class=\"envira-gallery-position-overlay  envira-gallery-top-right\"><\/div><div class=\"envira-gallery-position-overlay  envira-gallery-bottom-left\"><\/div><div class=\"envira-gallery-position-overlay  envira-gallery-bottom-right\"><\/div><a href=\"https:\/\/tachografy.pe\/wp-content\/uploads\/2021\/02\/4.jpg\" class=\"envira-gallery-711 envira-gallery-link\" rel=\"enviragallery711\" title=\"4\" data-envira-caption=\"4\" data-envira-retina=\"\" data-thumbnail=\"\"  itemprop=\"contentUrl\"><div class=\"envira-lazy\" data-test-width=\"640\" data-test-height=\"480\" style=\"padding-bottom:75%;\"><img decoding=\"async\" id=\"envira-gallery-image-441\" class=\"envira-gallery-image envira-gallery-image-4\" data-envira-index=\"4\" src=\"https:\/\/tachografy.pe\/wp-content\/uploads\/2021\/02\/4-640x480.jpg\" data-envira-src=\"https:\/\/tachografy.pe\/wp-content\/uploads\/2021\/02\/4-640x480.jpg\" data-envira-gallery-id=\"711\" data-envira-item-id=\"441\" data-envira-caption=\"4\" alt=\"\" title=\"4\"  itemprop=\"thumbnailUrl\" data-envira-srcset=\"https:\/\/tachografy.pe\/wp-content\/uploads\/2021\/02\/4-640x480.jpg 400w,https:\/\/tachografy.pe\/wp-content\/uploads\/2021\/02\/4-640x480.jpg 2x\" srcset=\"data:image\/gif;base64,R0lGODlhAQABAIAAAP\/\/\/\/\/\/\/yH5BAEKAAEALAAAAAABAAEAAAICTAEAOw==\" \/><\/div><\/a><\/div><\/div><div id=\"envira-gallery-item-442\" class=\"envira-gallery-item enviratope-item envira-gallery-item-5 envira-lazy-load\" style=\"padding-left: 5px; padding-bottom: 10px; padding-right: 5px;\"  itemscope itemtype=\"https:\/\/schema.org\/ImageObject\"><div class=\"envira-gallery-item-inner\"><div class=\"envira-gallery-position-overlay  envira-gallery-top-left\"><\/div><div class=\"envira-gallery-position-overlay  envira-gallery-top-right\"><\/div><div class=\"envira-gallery-position-overlay  envira-gallery-bottom-left\"><\/div><div class=\"envira-gallery-position-overlay  envira-gallery-bottom-right\"><\/div><a href=\"https:\/\/tachografy.pe\/wp-content\/uploads\/2021\/02\/5.jpg\" class=\"envira-gallery-711 envira-gallery-link\" rel=\"enviragallery711\" title=\"5\" data-envira-caption=\"5\" data-envira-retina=\"\" data-thumbnail=\"\"  itemprop=\"contentUrl\"><div class=\"envira-lazy\" data-test-width=\"640\" data-test-height=\"480\" style=\"padding-bottom:75%;\"><img decoding=\"async\" id=\"envira-gallery-image-442\" class=\"envira-gallery-image envira-gallery-image-5\" data-envira-index=\"5\" src=\"https:\/\/tachografy.pe\/wp-content\/uploads\/2021\/02\/5-640x480.jpg\" data-envira-src=\"https:\/\/tachografy.pe\/wp-content\/uploads\/2021\/02\/5-640x480.jpg\" data-envira-gallery-id=\"711\" data-envira-item-id=\"442\" data-envira-caption=\"5\" alt=\"\" title=\"5\"  itemprop=\"thumbnailUrl\" data-envira-srcset=\"https:\/\/tachografy.pe\/wp-content\/uploads\/2021\/02\/5-640x480.jpg 400w,https:\/\/tachografy.pe\/wp-content\/uploads\/2021\/02\/5-640x480.jpg 2x\" srcset=\"data:image\/gif;base64,R0lGODlhAQABAIAAAP\/\/\/\/\/\/\/yH5BAEKAAEALAAAAAABAAEAAAICTAEAOw==\" \/><\/div><\/a><\/div><\/div><div id=\"envira-gallery-item-443\" class=\"envira-gallery-item enviratope-item envira-gallery-item-6 envira-lazy-load\" style=\"padding-left: 5px; padding-bottom: 10px; padding-right: 5px;\"  itemscope itemtype=\"https:\/\/schema.org\/ImageObject\"><div class=\"envira-gallery-item-inner\"><div class=\"envira-gallery-position-overlay  envira-gallery-top-left\"><\/div><div class=\"envira-gallery-position-overlay  envira-gallery-top-right\"><\/div><div class=\"envira-gallery-position-overlay  envira-gallery-bottom-left\"><\/div><div class=\"envira-gallery-position-overlay  envira-gallery-bottom-right\"><\/div><a href=\"https:\/\/tachografy.pe\/wp-content\/uploads\/2021\/02\/6.jpg\" class=\"envira-gallery-711 envira-gallery-link\" rel=\"enviragallery711\" title=\"6\" data-envira-caption=\"6\" data-envira-retina=\"\" data-thumbnail=\"\"  itemprop=\"contentUrl\"><div class=\"envira-lazy\" data-test-width=\"640\" data-test-height=\"480\" style=\"padding-bottom:75%;\"><img decoding=\"async\" id=\"envira-gallery-image-443\" class=\"envira-gallery-image envira-gallery-image-6\" data-envira-index=\"6\" src=\"https:\/\/tachografy.pe\/wp-content\/uploads\/2021\/02\/6-640x480.jpg\" data-envira-src=\"https:\/\/tachografy.pe\/wp-content\/uploads\/2021\/02\/6-640x480.jpg\" data-envira-gallery-id=\"711\" data-envira-item-id=\"443\" data-envira-caption=\"6\" alt=\"\" title=\"6\"  itemprop=\"thumbnailUrl\" data-envira-srcset=\"https:\/\/tachografy.pe\/wp-content\/uploads\/2021\/02\/6-640x480.jpg 400w,https:\/\/tachografy.pe\/wp-content\/uploads\/2021\/02\/6-640x480.jpg 2x\" srcset=\"data:image\/gif;base64,R0lGODlhAQABAIAAAP\/\/\/\/\/\/\/yH5BAEKAAEALAAAAAABAAEAAAICTAEAOw==\" \/><\/div><\/a><\/div><\/div><\/div><\/div><noscript><img decoding=\"async\" src=\"https:\/\/tachografy.pe\/wp-content\/uploads\/2021\/02\/1.jpg\" alt=\"\" \/><img decoding=\"async\" src=\"https:\/\/tachografy.pe\/wp-content\/uploads\/2021\/02\/2.jpg\" alt=\"\" \/><img decoding=\"async\" src=\"https:\/\/tachografy.pe\/wp-content\/uploads\/2021\/02\/3.jpg\" alt=\"\" \/><img decoding=\"async\" src=\"https:\/\/tachografy.pe\/wp-content\/uploads\/2021\/02\/4.jpg\" alt=\"\" \/><img decoding=\"async\" src=\"https:\/\/tachografy.pe\/wp-content\/uploads\/2021\/02\/5.jpg\" alt=\"\" \/><img decoding=\"async\" src=\"https:\/\/tachografy.pe\/wp-content\/uploads\/2021\/02\/6.jpg\" alt=\"\" \/><\/noscript><\/p>\n<h4 style=\"text-align: center;\"><a href=\"https:\/\/tachografy.pe\/index.php\/kontakt\/\">pracovisko \u010d. 2 v Topo\u013e\u010danoch, M. R\u00e1zusa 2892\/42 (v are\u00e1li spolo\u010dnosti VOLVO)<\/a><\/h4>\n<p style=\"text-align: center;\"><div id=\"envira-gallery-wrap-712\" class=\"envira-gallery-wrap envira-gallery-theme-base envira-lightbox-theme-base\" itemscope itemtype=\"https:\/\/schema.org\/ImageGallery\"><div data-row-height=\"\" data-gallery-theme=\"\" id=\"envira-gallery-712\" class=\"envira-gallery-public  envira-gallery-4-columns envira-clear enviratope envira-gallery-css-animations\" data-envira-columns=\"4\"><div id=\"envira-gallery-item-785\" class=\"envira-gallery-item enviratope-item envira-gallery-item-1 envira-lazy-load\" style=\"padding-left: 5px; padding-bottom: 10px; padding-right: 5px;\"  itemscope itemtype=\"https:\/\/schema.org\/ImageObject\"><div class=\"envira-gallery-item-inner\"><div class=\"envira-gallery-position-overlay  envira-gallery-top-left\"><\/div><div class=\"envira-gallery-position-overlay  envira-gallery-top-right\"><\/div><div class=\"envira-gallery-position-overlay  envira-gallery-bottom-left\"><\/div><div class=\"envira-gallery-position-overlay  envira-gallery-bottom-right\"><\/div><a href=\"https:\/\/tachografy.pe\/wp-content\/uploads\/2021\/02\/to2.jpg\" class=\"envira-gallery-712 envira-gallery-link\" rel=\"enviragallery712\" title=\"to2\" data-envira-caption=\"to2\" data-envira-retina=\"\" data-thumbnail=\"\"  itemprop=\"contentUrl\"><div class=\"envira-lazy\" data-test-width=\"640\" data-test-height=\"480\" style=\"padding-bottom:75%;\"><img decoding=\"async\" id=\"envira-gallery-image-785\" class=\"envira-gallery-image envira-gallery-image-1\" data-envira-index=\"1\" src=\"https:\/\/tachografy.pe\/wp-content\/uploads\/2021\/02\/to2-640x480.jpg\" data-envira-src=\"https:\/\/tachografy.pe\/wp-content\/uploads\/2021\/02\/to2-640x480.jpg\" data-envira-gallery-id=\"712\" data-envira-item-id=\"785\" data-envira-caption=\"to2\" alt=\"\" title=\"to2\"  itemprop=\"thumbnailUrl\" data-envira-srcset=\"https:\/\/tachografy.pe\/wp-content\/uploads\/2021\/02\/to2-640x480.jpg 400w,https:\/\/tachografy.pe\/wp-content\/uploads\/2021\/02\/to2-640x480.jpg 2x\" srcset=\"data:image\/gif;base64,R0lGODlhAQABAIAAAP\/\/\/\/\/\/\/yH5BAEKAAEALAAAAAABAAEAAAICTAEAOw==\" \/><\/div><\/a><\/div><\/div><div id=\"envira-gallery-item-786\" class=\"envira-gallery-item enviratope-item envira-gallery-item-2 envira-lazy-load\" style=\"padding-left: 5px; padding-bottom: 10px; padding-right: 5px;\"  itemscope itemtype=\"https:\/\/schema.org\/ImageObject\"><div class=\"envira-gallery-item-inner\"><div class=\"envira-gallery-position-overlay  envira-gallery-top-left\"><\/div><div class=\"envira-gallery-position-overlay  envira-gallery-top-right\"><\/div><div class=\"envira-gallery-position-overlay  envira-gallery-bottom-left\"><\/div><div class=\"envira-gallery-position-overlay  envira-gallery-bottom-right\"><\/div><a href=\"https:\/\/tachografy.pe\/wp-content\/uploads\/2021\/02\/to1.jpg\" class=\"envira-gallery-712 envira-gallery-link\" rel=\"enviragallery712\" title=\"to1\" data-envira-caption=\"to1\" data-envira-retina=\"\" data-thumbnail=\"\"  itemprop=\"contentUrl\"><div class=\"envira-lazy\" data-test-width=\"640\" data-test-height=\"480\" style=\"padding-bottom:75%;\"><img decoding=\"async\" id=\"envira-gallery-image-786\" class=\"envira-gallery-image envira-gallery-image-2\" data-envira-index=\"2\" src=\"https:\/\/tachografy.pe\/wp-content\/uploads\/2021\/02\/to1-640x480.jpg\" data-envira-src=\"https:\/\/tachografy.pe\/wp-content\/uploads\/2021\/02\/to1-640x480.jpg\" data-envira-gallery-id=\"712\" data-envira-item-id=\"786\" data-envira-caption=\"to1\" alt=\"\" title=\"to1\"  itemprop=\"thumbnailUrl\" data-envira-srcset=\"https:\/\/tachografy.pe\/wp-content\/uploads\/2021\/02\/to1-640x480.jpg 400w,https:\/\/tachografy.pe\/wp-content\/uploads\/2021\/02\/to1-640x480.jpg 2x\" srcset=\"data:image\/gif;base64,R0lGODlhAQABAIAAAP\/\/\/\/\/\/\/yH5BAEKAAEALAAAAAABAAEAAAICTAEAOw==\" \/><\/div><\/a><\/div><\/div><\/div><\/div><noscript><img decoding=\"async\" src=\"https:\/\/tachografy.pe\/wp-content\/uploads\/2021\/02\/to2.jpg\" alt=\"\" \/><img decoding=\"async\" src=\"https:\/\/tachografy.pe\/wp-content\/uploads\/2021\/02\/to1.jpg\" alt=\"\" \/><\/noscript><\/p>\n<p style=\"text-align: center;\">Kalibra\u010dn\u00e9 laborat\u00f3rium TACHOGRAFY s.r.o. sp\u013a\u0148a po\u017eiadavky normy ISO\/IEC 17025:2007, ktorou sa\u00a0z\u00e1rove\u0148 zav\u00e4zuje vykon\u00e1va\u0165 sk\u00fa\u0161ky nestranne a\u00a0d\u00f4veryhodne.<\/p>\n<p>&nbsp;<\/p>\n","protected":false},"excerpt":{"rendered":"<p>Spolo\u010dnos\u0165 TACHOGRAFY s.r.o., Partiz\u00e1nske bola zalo\u017een\u00e1 pred viac ako 10 &hellip; <\/p>\n","protected":false},"author":1,"featured_media":329,"parent":0,"menu_order":0,"comment_status":"closed","ping_status":"closed","template":"","meta":{"footnotes":""},"class_list":["post-707","page","type-page","status-publish","has-post-thumbnail","hentry"],"_links":{"self":[{"href":"https:\/\/tachografy.pe\/index.php\/wp-json\/wp\/v2\/pages\/707","targetHints":{"allow":["GET"]}}],"collection":[{"href":"https:\/\/tachografy.pe\/index.php\/wp-json\/wp\/v2\/pages"}],"about":[{"href":"https:\/\/tachografy.pe\/index.php\/wp-json\/wp\/v2\/types\/page"}],"author":[{"embeddable":true,"href":"https:\/\/tachografy.pe\/index.php\/wp-json\/wp\/v2\/users\/1"}],"replies":[{"embeddable":true,"href":"https:\/\/tachografy.pe\/index.php\/wp-json\/wp\/v2\/comments?post=707"}],"version-history":[{"count":10,"href":"https:\/\/tachografy.pe\/index.php\/wp-json\/wp\/v2\/pages\/707\/revisions"}],"predecessor-version":[{"id":798,"href":"https:\/\/tachografy.pe\/index.php\/wp-json\/wp\/v2\/pages\/707\/revisions\/798"}],"wp:featuredmedia":[{"embeddable":true,"href":"https:\/\/tachografy.pe\/index.php\/wp-json\/wp\/v2\/media\/329"}],"wp:attachment":[{"href":"https:\/\/tachografy.pe\/index.php\/wp-json\/wp\/v2\/media?parent=707"}],"curies":[{"name":"wp","href":"https:\/\/api.w.org\/{rel}","templated":true}]}}