{"id":3,"date":"2021-02-08T11:25:14","date_gmt":"2021-02-08T10:25:14","guid":{"rendered":"https:\/\/tachografy.pe\/?page_id=3"},"modified":"2024-10-15T13:16:27","modified_gmt":"2024-10-15T11:16:27","slug":"ochrana-sukromia","status":"publish","type":"page","link":"https:\/\/tachografy.pe\/index.php\/ochrana-sukromia\/","title":{"rendered":"Z\u00e1sady ochrany osobn\u00fdch \u00fadajov"},"content":{"rendered":"\r\n<h2 class=\"wp-block-heading\">Kto sme<\/h2>\r\n\r\n\r\n\r\n<p><strong>TACHOGRAFY s. r. o.<\/strong><br \/>Ve\u013ek\u00e1 okru\u017en\u00e1 1238<br \/>958 01 Partiz\u00e1nske<br \/>(v are\u00e1li Auto\u0161koly SA\u0160A)<br \/>Slovensk\u00e1 republika\u00a0<\/p>\r\n<p>Adresa na\u0161ej webovej str\u00e1nky je: https:\/\/tachografy.pe.<\/p>\r\n<p><strong>TACHOGRAFY s. r. o. <\/strong>sa zav\u00e4zuje chr\u00e1ni\u0165 va\u0161e s\u00fakromie.<\/p>\r\n<p>Ak m\u00e1te ak\u00e9ko\u013evek ot\u00e1zky alebo probl\u00e9my t\u00fdkaj\u00face sa pou\u017e\u00edvania va\u0161ich osobn\u00fdch \u00fadajov, kontaktujte n\u00e1s a my V\u00e1m radi pom\u00f4\u017eeme.<\/p>\r\n<p>Pou\u017e\u00edvan\u00edm t\u00fdchto str\u00e1nok a \/ alebo na\u0161ich slu\u017eieb s\u00fahlas\u00edte so spracovan\u00edm va\u0161ich osobn\u00fdch \u00fadajov, ako je uveden\u00e9 v t\u00fdchto Pravidl\u00e1ch ochrany osobn\u00fdch \u00fadajov.<\/p>\r\n<p>&nbsp;<\/p>\r\n\r\n\r\n\r\n<p>&nbsp;<\/p>\r\n<h3 class=\"wp-block-heading\">Defin\u00edcia<\/h3>\r\n<p><strong>Osobn\u00e9 \u00fadaje<\/strong> \u2013 ak\u00e9ko\u013evek inform\u00e1cie t\u00fdkaj\u00face sa identifikovanej alebo identifikovate\u013enej fyzickej osoby.<\/p>\r\n<p><strong>Spracovanie<\/strong> \u2013 ak\u00e1ko\u013evek oper\u00e1cia alebo s\u00fabor oper\u00e1ci\u00ed, ktor\u00e9 sa vykon\u00e1vaj\u00fa na osobn\u00fdch \u00fadajoch alebo s\u00faboroch osobn\u00fdch \u00fadajov.<\/p>\r\n<p><strong>Subjekt \u00fadajov<\/strong> \u2013 fyzick\u00e1 osoba, ktorej osobn\u00e9 \u00fadaje s\u00fa spracov\u00e1van\u00e9.<\/p>\r\n<p><strong>Die\u0165a<\/strong> \u2013 fyzick\u00e1 osoba mlad\u0161ia ako 16 rokov.<\/p>\r\n<p>&nbsp;<\/p>\r\n<h3>Z\u00e1sady ochrany \u00fadajov<\/h3>\r\n<p>Zav\u00e4zujeme sa dodr\u017eiava\u0165 tieto z\u00e1sady ochrany \u00fadajov:<\/p>\r\n<p>&#8211;\u00a0\u00a0\u00a0\u00a0\u00a0\u00a0 Spracovanie je z\u00e1konn\u00e9, spravodliv\u00e9, transparentn\u00e9. Na\u0161e spracovate\u013esk\u00e9 \u010dinnosti maj\u00fa z\u00e1konn\u00e9 d\u00f4vody.<\/p>\r\n<p>&#8211;\u00a0\u00a0\u00a0\u00a0\u00a0\u00a0 Pred spracovan\u00edm osobn\u00fdch \u00fadajov v\u017edy s\u00fa n\u00e1m prvorad\u00e9 va\u0161e pr\u00e1va. Na po\u017eiadanie v\u00e1m poskytneme inform\u00e1cie t\u00fdkaj\u00face sa spracovania.<\/p>\r\n<p>&#8211;\u00a0\u00a0\u00a0\u00a0\u00a0\u00a0 Spracovanie je obmedzen\u00e9 na objedn\u00e1vanie na\u0161ich slu\u017eieb v\u00a0SA\u0160A, s.r.o. Na\u0161e spracovate\u013esk\u00e9 \u010dinnosti zodpovedaj\u00fa \u00fa\u010delu, pre ktor\u00fd boli zhroma\u017eden\u00e9 osobn\u00e9 \u00fadaje.<\/p>\r\n<p>&#8211;\u00a0\u00a0\u00a0\u00a0\u00a0\u00a0 Spracovanie sa vykon\u00e1va s minim\u00e1lnymi \u00fadajmi. Zhroma\u017e\u010fujeme a spracov\u00e1vame len minim\u00e1lne mno\u017estvo osobn\u00fdch \u00fadajov potrebn\u00fdch na ak\u00fdko\u013evek \u00fa\u010del.<\/p>\r\n<p>&#8211;\u00a0\u00a0\u00a0\u00a0\u00a0\u00a0 Spracovanie je obmedzen\u00e9 \u010dasov\u00fdm obdob\u00edm. Va\u0161e osobn\u00e9 \u00fadaje nebudeme uchov\u00e1va\u0165 dlh\u0161ie, ne\u017e je potrebn\u00e9.<\/p>\r\n<p>Budeme sa sna\u017ei\u0165 zabezpe\u010di\u0165 presnos\u0165 \u00fadajov.<\/p>\r\n<p>Urob\u00edme v\u0161etko pre to, aby sme zabezpe\u010dili integritu a d\u00f4vernos\u0165 \u00fadajov.<\/p>\r\n<p>&nbsp;<\/p>\r\n<p><strong>Ak\u00e9 pr\u00e1va m\u00e1te nad svojimi \u00fadajmi<\/strong><\/p>\r\n<p>Subjekt \u00fadajov m\u00e1\u00a0 nasleduj\u00face pr\u00e1va:<\/p>\r\n<p>Pr\u00e1vo na inform\u00e1cie \u2013 znamen\u00e1, \u017ee mus\u00edte vedie\u0165, \u010di sa va\u0161e osobn\u00e9 \u00fadaje spracov\u00e1vaj\u00fa; ak\u00e9 \u00fadaje sa zhroma\u017e\u010fuj\u00fa, odkia\u013e sa z\u00edskavaj\u00fa a pre\u010do a k\u00fdm s\u00fa spracov\u00e1van\u00e9.<\/p>\r\n<p>Pr\u00e1vo na pr\u00edstup \u2013 znamen\u00e1, \u017ee m\u00e1te pr\u00e1vo na pr\u00edstup k \u00fadajom zhroma\u017eden\u00fdm od v\u00e1s. To zah\u0155\u0148a aj pr\u00e1vo po\u017eiada\u0165 o k\u00f3piu zhroma\u017eden\u00fdch osobn\u00fdch \u00fadajov a z\u00edska\u0165 ich k\u00f3piu.<\/p>\r\n<p>Pr\u00e1vo na opravu \u2013 znamen\u00e1, \u017ee m\u00e1te pr\u00e1vo po\u017eiada\u0165 o opravu alebo vymazanie va\u0161ich osobn\u00fdch \u00fadajov, ktor\u00e9 s\u00fa nepresn\u00e9 alebo ne\u00fapln\u00e9.<\/p>\r\n<p>Pr\u00e1vo na vymazanie \u2013 \u010do znamen\u00e1, \u017ee za ur\u010dit\u00fdch okolnost\u00ed m\u00f4\u017eete po\u017eiada\u0165 o vymazanie va\u0161ich osobn\u00fdch \u00fadajov z na\u0161ich z\u00e1znamov.<\/p>\r\n<p>Pr\u00e1vo obmedzi\u0165 spracovanie \u2013 \u010do znamen\u00e1, \u017ee v pr\u00edpade ur\u010dit\u00fdch podmienok m\u00e1te pr\u00e1vo obmedzi\u0165 spracovanie va\u0161ich osobn\u00fdch \u00fadajov.<\/p>\r\n<p>Pr\u00e1vo namieta\u0165 proti spracovaniu \u2013 v niektor\u00fdch pr\u00edpadoch m\u00e1te pr\u00e1vo vznies\u0165 n\u00e1mietky proti spracovaniu va\u0161ich osobn\u00fdch \u00fadajov, napr\u00edklad v pr\u00edpade priameho marketingu.<\/p>\r\n<p>Pr\u00e1vo na n\u00e1mietku proti automatizovan\u00e9mu spracovaniu \u2013 \u010do znamen\u00e1, \u017ee m\u00e1te pr\u00e1vo vznies\u0165 n\u00e1mietky proti automatizovan\u00e9mu spracovaniu vr\u00e1tane profilovania; toto nepodlieha rozhodnutiu zalo\u017een\u00e9mu v\u00fdlu\u010dne na automatizovanom spracovan\u00ed. Toto pr\u00e1vo m\u00f4\u017eete uplatni\u0165 v\u017edy, ke\u010f d\u00f4jde k v\u00fdsledku profilovania, ktor\u00fd vytv\u00e1ra pr\u00e1vne \u00fa\u010dinky t\u00fdkaj\u00face sa v\u00e1s alebo ktor\u00e9 v\u00e1s v\u00fdznamne ovplyv\u0148uj\u00fa.<\/p>\r\n<p>Pr\u00e1vo na prenos d\u00e1t \u2013 m\u00e1te pr\u00e1vo na z\u00edskanie osobn\u00fdch \u00fadajov v strojovo \u010ditate\u013enom form\u00e1te alebo ak je to mo\u017en\u00e9, ako prenosom z jedn\u00e9ho zariadenia na in\u00e9.<\/p>\r\n<p>Pr\u00e1vo poda\u0165 s\u0165a\u017enos\u0165 \u2013 v pr\u00edpade, \u017ee odmietneme va\u0161u \u017eiados\u0165 pod\u013ea pr\u00e1v na pr\u00edstup, poskytneme v\u00e1m d\u00f4vod. Ak nie ste spokojn\u00fd so sp\u00f4sobom spracovania va\u0161ej \u017eiadosti, \u00a0kontaktujte n\u00e1s.<\/p>\r\n<p>Pr\u00e1vo na pomoc org\u00e1nu doh\u013eadu \u2013 \u010do znamen\u00e1, \u017ee m\u00e1te pr\u00e1vo na pomoc org\u00e1nu doh\u013eadu a pr\u00e1vo na in\u00e9 opravn\u00e9 prostriedky, ako napr\u00edklad n\u00e1rok na n\u00e1hradu \u0161kody.<\/p>\r\n<p>Pr\u00e1vo na zru\u0161enie s\u00fahlasu \u2013 m\u00e1te pr\u00e1vo odobra\u0165 ak\u00fdko\u013evek dan\u00fd s\u00fahlas na spracovanie va\u0161ich osobn\u00fdch \u00fadajov.<\/p>\r\n<p>&nbsp;<\/p>\r\n<h3>\u00dadaje, ktor\u00e9 zhroma\u017e\u010fujeme<\/h3>\r\n<p><strong>Inform\u00e1cie, ktor\u00e9 ste n\u00e1m poskytli<\/strong><\/p>\r\n<p>Je to va\u0161a e-mailov\u00e1 adresa, meno, adresa, telef\u00f3n\u00a0 at\u010f. \u2013 hlavne inform\u00e1cie, ktor\u00e9 s\u00fa potrebn\u00e9 na to, aby sme v\u00e1m poskytli slu\u017ebu prihl\u00e1senia do kurzu. Uklad\u00e1me inform\u00e1cie, ktor\u00e9 n\u00e1m poskytnete, aby ste mohli komentova\u0165 alebo vykona\u0165 in\u00e9 aktivity na webov\u00fdch str\u00e1nkach. Tieto inform\u00e1cie zah\u0155\u0148aj\u00fa va\u0161e meno a e-mailov\u00fa adresu, adresu, telef\u00f3n, va\u0161u po\u017eiadavku.<\/p>\r\n<p><strong>Inform\u00e1cie zhroma\u017eden\u00e9 automaticky o v\u00e1s<\/strong><\/p>\r\n<p>Patria sem inform\u00e1cie, ktor\u00e9 s\u00fa automaticky ukladan\u00e9 prostredn\u00edctvom s\u00faborov cookies a in\u00fdch n\u00e1strojov rel\u00e1cie. Napr\u00edklad inform\u00e1cie o vami prezeran\u00fdch str\u00e1nkach, va\u0161a adresa IP at\u010f. Tieto inform\u00e1cie sa pou\u017e\u00edvaj\u00fa na zlep\u0161enie va\u0161ich rezerv\u00e1ci\u00ed do bud\u00facnosti. Ke\u010f vyu\u017e\u00edvate na\u0161e slu\u017eby alebo sa pozriete na obsah na\u0161ich webov\u00fdch str\u00e1nok, va\u0161e aktivity m\u00f4\u017eu by\u0165 zaznamenan\u00e9.<\/p>\r\n<p><strong>Inform\u00e1cie od na\u0161ich partnerov<\/strong><\/p>\r\n<p>Z na\u0161ich d\u00f4veryhodn\u00fdch partnerov zhroma\u017e\u010fujeme inform\u00e1cie s potvrden\u00edm, \u017ee maj\u00fa pr\u00e1vny z\u00e1klad na zdie\u013eanie t\u00fdchto inform\u00e1ci\u00ed s nami. Ide bu\u010f o inform\u00e1cie, ktor\u00e9 ste im priamo poskytli, alebo o v\u00e1s zhroma\u017edili z in\u00fdch pr\u00e1vnych d\u00f4vodov.<\/p>\r\n<p>&nbsp;<\/p>\r\n<h3>Verejne dostupn\u00e9 inform\u00e1cie<\/h3>\r\n<p>Mohli by sme z\u00edska\u0165 inform\u00e1cie o v\u00e1s, ktor\u00e9 s\u00fa verejne dostupn\u00e9.<\/p>\r\n<p><strong>Ako pou\u017e\u00edvame va\u0161e osobn\u00e9 \u00fadaje<\/strong><\/p>\r\n<p>Va\u0161e osobn\u00e9 \u00fadaje pou\u017e\u00edvame na:<\/p>\r\n<p>poskytovanie slu\u017eieb. Na zv\u00fd\u0161enie spokojnosti z\u00e1kazn\u00edkov; na splnenie z\u00e1v\u00e4zkov pod\u013ea z\u00e1kona alebo zmluvy;<\/p>\r\n<p>Va\u0161e osobn\u00e9 \u00fadaje pou\u017e\u00edvame z opr\u00e1vnen\u00fdch d\u00f4vodov a\u00a0 s va\u0161\u00edm s\u00fahlasom.<\/p>\r\n<p><strong>Na z\u00e1klade uzatvorenia zmluvy alebo plnenia zmluvn\u00fdch z\u00e1v\u00e4zkov spracujeme Va\u0161e osobn\u00e9 \u00fadaje na nasleduj\u00face \u00fa\u010dely:<\/strong><\/p>\r\n<p>&#8211;\u00a0\u00a0\u00a0\u00a0\u00a0\u00a0 va\u0161u identifik\u00e1ciu<\/p>\r\n<p>&#8211;\u00a0\u00a0\u00a0\u00a0\u00a0\u00a0 poskytovanie slu\u017eieb<\/p>\r\n<p>&#8211;\u00a0\u00a0\u00a0\u00a0\u00a0\u00a0 komunik\u00e1ciu s cie\u013eom zlep\u0161enia pon\u00fakan\u00fdch slu\u017eieb<\/p>\r\n<p><strong>Na z\u00e1klade v\u00e1\u0161ho s\u00fahlasu spracujeme Va\u0161e osobn\u00e9 \u00fadaje na nasleduj\u00face \u00fa\u010dely:<\/strong><\/p>\r\n<p>&#8211;\u00a0\u00a0\u00a0\u00a0\u00a0\u00a0 aby sme v\u00e1m poslali osobn\u00e9 ponuky slu\u017eby;<\/p>\r\n<p>&#8211;\u00a0\u00a0\u00a0\u00a0\u00a0\u00a0 spravovanie a analyzovanie na\u0161ej datab\u00e1zy z\u00e1kazn\u00edkov\u00a0 s cie\u013eom zlep\u0161i\u0165 kvalitu, rozmanitos\u0165 a\u00a0dostupnos\u0165 slu\u017eieb\u00a0 ;<\/p>\r\n<p>&#8211;\u00a0\u00a0\u00a0\u00a0\u00a0\u00a0 vedenia dotazn\u00edkov t\u00fdkaj\u00facich sa spokojnosti klientov;<\/p>\r\n<p>&#8211;\u00a0\u00a0\u00a0\u00a0\u00a0\u00a0 posiela\u0165 v\u00e1m newsletter a ponuky kampane ;<\/p>\r\n<p>Va\u0161e osobn\u00e9 \u00fadaje spracov\u00e1vame, aby sme splnili z\u00e1v\u00e4zky vypl\u00fdvaj\u00face zo z\u00e1kona a\u00a0 vyu\u017eili va\u0161e osobn\u00e9 \u00fadaje pre mo\u017enosti vypl\u00fdvaj\u00face zo z\u00e1kona. Vyhradzujeme si pr\u00e1vo zhroma\u017e\u010fova\u0165 anonymizovan\u00e9 osobn\u00e9 \u00fadaje a pou\u017e\u00edva\u0165 tak\u00e9to \u00fadaje. Vyu\u017e\u00edvame \u00fadaje mimo r\u00e1mca t\u00fdchto pravidiel iba vtedy, ak je to anonymn\u00e9. Va\u0161e faktura\u010dn\u00e9 inform\u00e1cie a \u010fal\u0161ie inform\u00e1cie zhroma\u017eden\u00e9 o v\u00e1s uchov\u00e1vame tak dlho, ako je to potrebn\u00e9 pre \u00fa\u010dtovn\u00e9 \u00fa\u010dely alebo in\u00e9 povinnosti vypl\u00fdvaj\u00face zo z\u00e1kona.<\/p>\r\n<p>Va\u0161e osobn\u00e9 \u00fadaje sme mohli spracova\u0165 na \u010fal\u0161ie \u00fa\u010dely, ktor\u00e9 tu nie s\u00fa uveden\u00e9, ale s\u00fa kompatibiln\u00e9 s p\u00f4vodn\u00fdm \u00fa\u010delom, pre ktor\u00fd boli \u00fadaje zhroma\u017eden\u00e9. Za t\u00fdmto \u00fa\u010delom zabezpe\u010d\u00edme, aby:<\/p>\r\n<p>&#8211;\u00a0\u00a0\u00a0\u00a0\u00a0\u00a0 prepojenie medzi \u00fa\u010dtami, kontextom a povahou osobn\u00fdch \u00fadajov je vhodn\u00e9 na \u010fal\u0161ie spracovanie;<\/p>\r\n<p>&#8211;\u00a0\u00a0\u00a0\u00a0\u00a0\u00a0 \u010fal\u0161ie spracovanie by nepo\u0161kodilo va\u0161e z\u00e1ujmy a bolo by vhodn\u00e9 zabezpe\u010di\u0165 spracovanie.<\/p>\r\n<p>&nbsp;<\/p>\r\n<h3>Budeme v\u00e1s informova\u0165 o akomko\u013evek \u010fal\u0161om spracovan\u00ed a \u00fa\u010deloch<\/h3>\r\n<p><strong>Kto in\u00fd m\u00f4\u017ee ma\u0165 pr\u00edstup k va\u0161im osobn\u00fdm \u00fadajom<\/strong><\/p>\r\n<p>Va\u0161e osobn\u00e9 \u00fadaje nezdie\u013eame s cudz\u00edmi \u013eu\u010fmi. Osobn\u00e9 \u00fadaje o v\u00e1s s\u00fa v niektor\u00fdch pr\u00edpadoch poskytovan\u00e9 na\u0161im d\u00f4veryhodn\u00fdm partnerom, aby sme mohli bu\u010f poskytn\u00fa\u0165 va\u0161u slu\u017ebu k v\u00e1m alebo posilni\u0165 va\u0161e sk\u00fasenosti so z\u00e1kazn\u00edkmi.<\/p>\r\n<p>Spolupracujeme iba so spracovate\u013esk\u00fdmi partnermi, ktor\u00ed dok\u00e1\u017eu zabezpe\u010di\u0165 primeran\u00fa \u00farove\u0148 ochrany va\u0161ich osobn\u00fdch \u00fadajov. Va\u0161e osobn\u00e9 \u00fadaje zverej\u0148ujeme tret\u00edm stran\u00e1m alebo verejn\u00fdm \u010dinite\u013eom, ke\u010f n\u00e1s to z pr\u00e1vneho h\u013eadiska zav\u00e4zuje. Va\u0161e osobn\u00e9 \u00fadaje m\u00f4\u017eeme zverejni\u0165 tret\u00edm stran\u00e1m, ak ste s t\u00fdm s\u00fahlasili alebo ak existuj\u00fa in\u00e9 pr\u00e1vne d\u00f4vody.<\/p>\r\n<p><strong>Ako zabezpe\u010dujeme va\u0161e \u00fadaje<\/strong><\/p>\r\n<p>Sna\u017e\u00edme sa, aby va\u0161e osobn\u00e9 \u00fadaje boli v bezpe\u010d\u00ed. Pou\u017e\u00edvame bezpe\u010dn\u00fd protokol na komunik\u00e1ciu a\u00a0prenos d\u00e1t.\u00a0 Sledujeme na\u0161e syst\u00e9my pre mo\u017en\u00e9 zranite\u013enosti a \u00fatoky.<\/p>\r\n<p>Aj ke\u010f sa sna\u017e\u00edme \u010do najlep\u0161ie, nem\u00f4\u017eeme zaru\u010di\u0165 bezpe\u010dnos\u0165 inform\u00e1ci\u00ed. S\u013eubujeme v\u0161ak, \u017ee informujeme pr\u00edslu\u0161n\u00e9 org\u00e1ny o naru\u0161en\u00ed \u00fadajov. Takisto v\u00e1s budeme informova\u0165, ak by boli ohrozen\u00e9 va\u0161e pr\u00e1va alebo z\u00e1ujmy. Urob\u00edme v\u0161etko, \u010do bude v na\u0161ich sil\u00e1ch, aby sme zabr\u00e1nili naru\u0161eniu bezpe\u010dnosti a pom\u00e1hali org\u00e1nom v pr\u00edpade ak\u00fdchko\u013evek poru\u0161en\u00ed.<\/p>\r\n<p><strong>S\u00fabory cookies<\/strong><br \/>Ak prid\u00e1te koment\u00e1r na na\u0161ej str\u00e1nke, m\u00f4\u017eete s\u00fahlasi\u0165 s ulo\u017een\u00edm v\u00e1\u0161ho mena, e-mailovej adresy a webovej str\u00e1nky do s\u00faborov cookies. Je to pre va\u0161e pohodlie, aby ste nemuseli op\u00e4tovne vyp\u013a\u0148a\u0165 va\u0161e \u00fadaje znovu pri prid\u00e1van\u00ed \u010fal\u0161ieho koment\u00e1ra. Tieto s\u00fabory cookies s\u00fa platn\u00e9 jeden rok.<\/p>\r\n<p>Ak nav\u0161t\u00edvite na\u0161u str\u00e1nku prihl\u00e1senia, ulo\u017e\u00edme do\u010dasn\u00e9 s\u00fabory cookies na ur\u010denie toho, \u010di v\u00e1\u0161 prehliada\u010d akceptuje s\u00fabory cookies. Tieto s\u00fabory cookies neobsahuj\u00fa \u017eiadne osobn\u00e9 \u00fadaje a s\u00fa odstr\u00e1nen\u00e9 pri zatvoren\u00ed prehliada\u010da.<\/p>\r\n<p>Pri prihl\u00e1sen\u00ed nastav\u00edme nieko\u013eko s\u00faborov cookies, aby sme ulo\u017eili va\u0161e prihlasovacie \u00fadaje a nastavenia zobrazenia. Prihlasovacie cookies s\u00fa platn\u00e9 dva dni a nastavenia zobrazenia jeden rok. Ak zvol\u00edte mo\u017enos\u0165 &#8222;zapam\u00e4ta\u0165&#8220;, va\u0161e prihl\u00e1senie bude platn\u00e9 dva t\u00fd\u017edne. Pri odhl\u00e1sen\u00ed sa z v\u00e1\u0161ho \u00fa\u010dtu s\u00fa s\u00fabory cookies odstr\u00e1nen\u00e9.<\/p>\r\n<p>Pri \u00faprave alebo publikovan\u00ed \u010dl\u00e1nku bud\u00fa vo va\u0161om prehliada\u010di ulo\u017een\u00e9 dodato\u010dn\u00e9 s\u00fabory cookies. Tieto s\u00fabory cookies neobsahuj\u00fa \u017eiadne osobn\u00e9 \u00fadaje a odkazuj\u00fa iba na ID \u010dl\u00e1nku, ktor\u00fd ste upravovali. S\u00fabory s\u00fa platn\u00e9 1 de\u0148.<\/p>\r\n<p><strong>Ako dlho uchov\u00e1vame va\u0161e \u00fadaje<\/strong><br \/>Pri prid\u00e1van\u00ed koment\u00e1ra, koment\u00e1r a jeho meta\u00fadaje s\u00fa uchov\u00e1van\u00e9 oddelene. V\u010faka tomu vieme automaticky rozpozna\u0165 a schv\u00e1li\u0165 ak\u00e9ko\u013evek s\u00favisiace koment\u00e1re bez toho, aby museli by\u0165 podr\u017ean\u00e9 na moder\u00e1ciu.<\/p>\r\n<p>Pre pou\u017e\u00edvate\u013eov, ktor\u00ed sa zaregistruj\u00fa na na\u0161ich webov\u00fdch str\u00e1nkach (ak tak\u00ed existuj\u00fa), uklad\u00e1me aj osobn\u00e9 \u00fadaje, ktor\u00e9 poskytuj\u00fa, do ich u\u017e\u00edvate\u013esk\u00e9ho profilu. V\u0161etci pou\u017e\u00edvatelia m\u00f4\u017eu kedyko\u013evek zobrazi\u0165, upravi\u0165 alebo odstr\u00e1ni\u0165 svoje osobn\u00e9 \u00fadaje (okrem zmeny pou\u017e\u00edvate\u013esk\u00e9ho). Spr\u00e1vcovia webov\u00fdch str\u00e1nok tie\u017e m\u00f4\u017eu zobrazi\u0165 a upravi\u0165 tieto inform\u00e1cie.<\/p>\r\n<p><strong>Ak\u00e9 pr\u00e1va m\u00e1te nad svojimi \u00fadajmi<\/strong><br \/>Ak na tejto webovej str\u00e1nke m\u00e1te \u00fa\u010det, alebo ste tu pridali koment\u00e1r, m\u00f4\u017eete po\u017eiada\u0165 o export va\u0161ich osobn\u00fdch \u00fadajov, ktor\u00e9 o v\u00e1s uklad\u00e1me, vr\u00e1tane \u00fadajov, ktor\u00e9 ste n\u00e1m poskytli. M\u00f4\u017eete tak isto po\u017eiada\u0165 o vymazanie osobn\u00fdch \u00fadajov. To sa ale net\u00fdka \u00fadajov, ktor\u00e9 o v\u00e1s mus\u00edme uchov\u00e1va\u0165 z administrat\u00edvnych, pr\u00e1vnych alebo bezpe\u010dnostn\u00fdch d\u00f4vodov.<\/p>\r\n<p><strong>Kam sa va\u0161e \u00fadaje odosielaj\u00fa<\/strong><br \/>Vyplnen\u00e9 kontaktn\u00e9 formul\u00e1re m\u00f4\u017eu by\u0165 kontrolovan\u00e9 prostredn\u00edctvom automatizovanej slu\u017eby na detekciu spamu.<\/p>\r\n<p>&nbsp;<\/p>\r\n<h3>Kontaktn\u00e9 inform\u00e1cie<\/h3>\r\n<p><strong>Pr\u00e1vo poda\u0165 s\u0165a\u017enos\u0165<\/strong><\/p>\r\n<p>Uplatnen\u00edm pr\u00e1v vy\u0161\u0161ie uveden\u00fdm sp\u00f4sobom nie je nijako dotknut\u00e9 va\u0161e pr\u00e1vo poda\u0165 s\u0165a\u017enos\u0165 na pr\u00edslu\u0161nom dozornom org\u00e1ne. Toto pr\u00e1vo m\u00f4\u017eete uplatni\u0165 najm\u00e4 v pr\u00edpade, \u017ee sa domnievate, \u017ee va\u0161e osobn\u00e9 \u00fadaje spracov\u00e1vame neopr\u00e1vnene alebo v rozpore so v\u0161eobecne z\u00e1v\u00e4zn\u00fdmi pr\u00e1vnymi predpismi. S\u0165a\u017enos\u0165 proti nami uskuto\u010d\u0148ovan\u00e9mu spracovaniu osobn\u00fdch \u00fadajov m\u00f4\u017eete poda\u0165 na \u00darade na ochranu osobn\u00fdch \u00fadajov, ktor\u00fd s\u00eddli na adrese Hrani\u010dn\u00e1 12, 820 07 Bratislava 27.<\/p>\r\n<p>&nbsp;<\/p>\r\n<h3>Ako mo\u017eno uplatni\u0165 jednotliv\u00e9 pr\u00e1va?<\/h3>\r\n<p>Pre pr\u00edpadne ot\u00e1zky, s\u0165a\u017enosti alebo \u017eiadosti s\u00favisiace so spracovan\u00edm va\u0161ich osobn\u00fdch \u00fadajov sme v\u00e1m k dispoz\u00edcii na adrese <a href=\"mailto:tachografy@tachografy.pe\">tachografy@tachografy.pe<\/a>.<\/p>\r\n<p>Vo v\u0161etk\u00fdch z\u00e1le\u017eitostiach s\u00favisiacich so spracovan\u00edm va\u0161ich osobn\u00fdch \u00fadajov, nech u\u017e je to ot\u00e1zka, uplatnenie pr\u00e1va, podanie s\u0165a\u017enosti \u010di hoci\u010do in\u00e9, sa na n\u00e1s m\u00f4\u017eete obraca\u0165 na adrese <a href=\"mailto:tachografy@tachografy.pe\">tachografy@tachografy.pe<\/a>.<\/p>\r\n<p>&nbsp;<\/p>\r\n<p><strong>Zmeny t\u00fdchto pravidiel ochrany osobn\u00fdch \u00fadajov<\/strong><\/p>\r\n<p>Vyhradzujeme si pr\u00e1vo vykona\u0165 zmenu t\u00fdchto pravidiel ochrany osobn\u00fdch \u00fadajov.<\/p>\r\n<p>Posledn\u00e1 zmena bola vykonan\u00e1 15.10.2024.<\/p>\r\n<p>&nbsp;<\/p>\r\n","protected":false},"excerpt":{"rendered":"<p>Kto sme TACHOGRAFY s. r. o.Ve\u013ek\u00e1 okru\u017en\u00e1 1238958 01 Partiz\u00e1nske(v &hellip; <\/p>\n","protected":false},"author":1,"featured_media":0,"parent":0,"menu_order":0,"comment_status":"closed","ping_status":"open","template":"","meta":{"footnotes":""},"class_list":["post-3","page","type-page","status-publish","hentry"],"_links":{"self":[{"href":"https:\/\/tachografy.pe\/index.php\/wp-json\/wp\/v2\/pages\/3","targetHints":{"allow":["GET"]}}],"collection":[{"href":"https:\/\/tachografy.pe\/index.php\/wp-json\/wp\/v2\/pages"}],"about":[{"href":"https:\/\/tachografy.pe\/index.php\/wp-json\/wp\/v2\/types\/page"}],"author":[{"embeddable":true,"href":"https:\/\/tachografy.pe\/index.php\/wp-json\/wp\/v2\/users\/1"}],"replies":[{"embeddable":true,"href":"https:\/\/tachografy.pe\/index.php\/wp-json\/wp\/v2\/comments?post=3"}],"version-history":[{"count":4,"href":"https:\/\/tachografy.pe\/index.php\/wp-json\/wp\/v2\/pages\/3\/revisions"}],"predecessor-version":[{"id":806,"href":"https:\/\/tachografy.pe\/index.php\/wp-json\/wp\/v2\/pages\/3\/revisions\/806"}],"wp:attachment":[{"href":"https:\/\/tachografy.pe\/index.php\/wp-json\/wp\/v2\/media?parent=3"}],"curies":[{"name":"wp","href":"https:\/\/api.w.org\/{rel}","templated":true}]}}